{"id":1916,"date":"2016-10-18T13:46:07","date_gmt":"2016-10-18T13:46:07","guid":{"rendered":"https:\/\/lifeschool.es\/preguntas-frecuentes\/?lang=es"},"modified":"2026-03-11T17:18:00","modified_gmt":"2026-03-11T16:18:00","slug":"preguntas-frecuentes","status":"publish","type":"page","link":"https:\/\/lifeschool.es\/es\/preguntas-frecuentes\/","title":{"rendered":"Preguntas Frecuentes"},"content":{"rendered":"[vc_row type=\u00bbfull_width_background\u00bb full_screen_row_position=\u00bbmiddle\u00bb column_margin=\u00bbdefault\u00bb column_direction=\u00bbdefault\u00bb column_direction_tablet=\u00bbdefault\u00bb column_direction_phone=\u00bbdefault\u00bb scene_position=\u00bbcenter\u00bb top_padding=\u00bb8%\u00bb left_padding_desktop=\u00bb10%\u00bb constrain_group_2=\u00bbyes\u00bb right_padding_desktop=\u00bb10%\u00bb text_color=\u00bbdark\u00bb text_align=\u00bbleft\u00bb row_border_radius=\u00bbnone\u00bb row_border_radius_applies=\u00bbbg\u00bb overflow=\u00bbvisible\u00bb overlay_strength=\u00bb0.3&#8243; gradient_direction=\u00bbleft_to_right\u00bb shape_divider_position=\u00bbbottom\u00bb bg_image_animation=\u00bbnone\u00bb gradient_type=\u00bbdefault\u00bb shape_type=\u00bb\u00bb][vc_column column_padding=\u00bbno-extra-padding\u00bb column_padding_tablet=\u00bbinherit\u00bb column_padding_phone=\u00bbinherit\u00bb column_padding_position=\u00bball\u00bb column_element_direction_desktop=\u00bbdefault\u00bb column_element_spacing=\u00bbdefault\u00bb desktop_text_alignment=\u00bbdefault\u00bb tablet_text_alignment=\u00bbdefault\u00bb phone_text_alignment=\u00bbdefault\u00bb background_color_opacity=\u00bb1&#8243; background_hover_color_opacity=\u00bb1&#8243; column_backdrop_filter=\u00bbnone\u00bb column_shadow=\u00bbnone\u00bb column_border_radius=\u00bbnone\u00bb column_link_target=\u00bb_self\u00bb column_position=\u00bbdefault\u00bb gradient_direction=\u00bbleft_to_right\u00bb overlay_strength=\u00bb0.3&#8243; width=\u00bb1\/1&#8243; tablet_width_inherit=\u00bbdefault\u00bb animation_type=\u00bbdefault\u00bb bg_image_animation=\u00bbnone\u00bb border_type=\u00bbsimple\u00bb column_border_width=\u00bbnone\u00bb column_border_style=\u00bbsolid\u00bb][vc_row_inner column_margin=\u00bbdefault\u00bb column_direction=\u00bbdefault\u00bb column_direction_tablet=\u00bbdefault\u00bb column_direction_phone=\u00bbdefault\u00bb bottom_padding=\u00bb4%\u00bb text_align=\u00bbleft\u00bb row_position=\u00bbdefault\u00bb row_position_tablet=\u00bbinherit\u00bb row_position_phone=\u00bbinherit\u00bb overflow=\u00bbvisible\u00bb pointer_events=\u00bball\u00bb][vc_column_inner column_padding=\u00bbno-extra-padding\u00bb column_padding_tablet=\u00bbinherit\u00bb column_padding_phone=\u00bbinherit\u00bb column_padding_position=\u00bball\u00bb column_element_direction_desktop=\u00bbdefault\u00bb column_element_spacing=\u00bbdefault\u00bb centered_text=\u00bbtrue\u00bb desktop_text_alignment=\u00bbdefault\u00bb tablet_text_alignment=\u00bbdefault\u00bb phone_text_alignment=\u00bbdefault\u00bb background_color_opacity=\u00bb1&#8243; background_hover_color_opacity=\u00bb1&#8243; column_backdrop_filter=\u00bbnone\u00bb column_shadow=\u00bbnone\u00bb column_border_radius=\u00bbnone\u00bb column_link_target=\u00bb_self\u00bb overflow=\u00bbvisible\u00bb advanced_gradient_angle=\u00bb0&#8243; gradient_direction=\u00bbleft_to_right\u00bb overlay_strength=\u00bb0.3&#8243; width=\u00bb1\/1&#8243; tablet_width_inherit=\u00bbdefault\u00bb animation_type=\u00bbdefault\u00bb bg_image_animation=\u00bbnone\u00bb border_type=\u00bbsimple\u00bb column_border_width=\u00bbnone\u00bb column_border_style=\u00bbsolid\u00bb gradient_type=\u00bbdefault\u00bb][nectar_highlighted_text style=\u00bbnone\u00bb custom_font_size=\u00bb3vw\u00bb font_size_tablet=\u00bb6vw\u00bb font_line_height=\u00bb1.2&#8243;]\n<h1>Preguntas frecuentes<\/h1>\n[\/nectar_highlighted_text][\/vc_column_inner][\/vc_row_inner][\/vc_column][\/vc_row][vc_row type=\u00bbfull_width_content\u00bb full_screen_row_position=\u00bbmiddle\u00bb column_margin=\u00bbcustom\u00bb column_margin_custom=\u00bb7vw\u00bb equal_height=\u00bbyes\u00bb content_placement=\u00bbmiddle\u00bb column_direction=\u00bbdefault\u00bb column_direction_tablet=\u00bbdefault\u00bb column_direction_phone=\u00bbdefault\u00bb bg_color=\u00bb#f8f8f8&#8243; scene_position=\u00bbcenter\u00bb top_padding=\u00bb3%\u00bb bottom_padding=\u00bb12%\u00bb left_padding_desktop=\u00bb7vw\u00bb constrain_group_2=\u00bbyes\u00bb right_padding_desktop=\u00bb7vw\u00bb text_color=\u00bbdark\u00bb text_align=\u00bbleft\u00bb row_border_radius=\u00bbnone\u00bb row_border_radius_applies=\u00bbbg\u00bb overflow=\u00bbvisible\u00bb advanced_gradient_angle=\u00bb0&#8243; overlay_strength=\u00bb0.8&#8243; gradient_direction=\u00bbleft_to_right\u00bb shape_divider_color=\u00bb#000000&#8243; shape_divider_position=\u00bbbottom\u00bb shape_divider_height=\u00bb99%\u00bb bg_image_animation=\u00bbnone\u00bb shape_type=\u00bbstraight_section\u00bb gradient_type=\u00bbdefault\u00bb][vc_column left_padding_desktop=\u00bb10%\u00bb constrain_group_101=\u00bbyes\u00bb right_padding_desktop=\u00bb10%\u00bb left_padding_phone=\u00bb0&#8243; right_padding_phone=\u00bb0&#8243; column_element_direction_desktop=\u00bbdefault\u00bb column_element_spacing=\u00bbdefault\u00bb desktop_text_alignment=\u00bbdefault\u00bb tablet_text_alignment=\u00bbdefault\u00bb phone_text_alignment=\u00bbdefault\u00bb background_color_opacity=\u00bb1&#8243; background_hover_color_opacity=\u00bb1&#8243; column_backdrop_filter=\u00bbnone\u00bb column_shadow=\u00bbnone\u00bb column_border_radius=\u00bbnone\u00bb column_link_target=\u00bb_self\u00bb column_position=\u00bbdefault\u00bb advanced_gradient_angle=\u00bb0&#8243; gradient_direction=\u00bbleft_to_right\u00bb overlay_strength=\u00bb0.3&#8243; width=\u00bb1\/1&#8243; tablet_width_inherit=\u00bbdefault\u00bb animation_type=\u00bbdefault\u00bb bg_image_animation=\u00bbnone\u00bb border_type=\u00bbsimple\u00bb column_border_width=\u00bbnone\u00bb column_border_style=\u00bbsolid\u00bb column_padding_type=\u00bbadvanced\u00bb gradient_type=\u00bbdefault\u00bb][toggles style=\u00bbminimal_shadow\u00bb accordion=\u00bbtrue\u00bb accordion_starting_functionality=\u00bbdefault\u00bb border_radius=\u00bbnone\u00bb][toggle color=\u00bbAccent-Color\u00bb heading_tag=\u00bbh3&#8243; heading_tag_functionality=\u00bbdefault\u00bb title=\u00bb\u00bfQu\u00e9 organizaci\u00f3n dirige el colegio?\u00bb][vc_column_text]LIFE est\u00e1 bajo la cobertura legal de la asociaci\u00f3n Christian Schools in Spain (CSS). El colegio est\u00e1 dirigido por una junta directiva.[\/vc_column_text][\/toggle][toggle color=\u00bbAccent-Color\u00bb heading_tag=\u00bbh3&#8243; heading_tag_functionality=\u00bbdefault\u00bb title=\u00bb\u00bfCon qu\u00e9 credenciales cuenta LIFE?\u00bb][vc_column_text css=\u00bb\u00bb text_direction=\u00bbdefault\u00bb]Estamos reconocidos por Espa\u00f1a como un centro educativo extranjero que opera en el pa\u00eds y contamos con la acreditaci\u00f3n completa de la <strong data-start=\"786\" data-end=\"821\">Middle States Association (MSA)<\/strong> y de la <strong data-start=\"830\" data-end=\"887\">Association of Christian Schools International (ACSI)<\/strong>, ambas con sede en Estados Unidos, hasta Bachillerato (12th grade). Esta acreditaci\u00f3n garantiza que nuestro programa cumple con est\u00e1ndares internacionales y que nuestros alumnos obtienen diplomas reconocidos tanto en Espa\u00f1a como en Estados Unidos.[\/vc_column_text][\/toggle][toggle color=\u00bbAccent-Color\u00bb heading_tag=\u00bbh3&#8243; heading_tag_functionality=\u00bbdefault\u00bb title=\u00bb\u00bfEs biling\u00fce el colegio?\u00bb][vc_column_text]Somos un colegio de inmersi\u00f3n en ingl\u00e9s, por lo tanto, las clases se imparten 100% en ingl\u00e9s por docentes nativos de habla inglesa. En caso de ser necesario, se les proporciona a los alumnos el apoyo ling\u00fc\u00edstico indispensable para tener \u00e9xito en las diferentes asignaturas. A partir de primero de primaria, se incorporan al plan de estudios, una hora diaria de Lengua y Cultura Espa\u00f1ola.[\/vc_column_text][\/toggle][toggle color=\u00bbAccent-Color\u00bb heading_tag=\u00bbh3&#8243; heading_tag_functionality=\u00bbdefault\u00bb title=\u00bb\u00bfPodr\u00e1n los alumnos de LIFE cambiarse a un colegio espa\u00f1ol y alg\u00fan d\u00eda asistir a una universidad espa\u00f1ola?\u00bb][vc_column_text]S\u00ed. LIFE International School ha sido establecido como un colegio extranjero en Espa\u00f1a, lo cual significa que ha sido reconocido por la Comunidad de Madrid y el Ministerio de Educaci\u00f3n y Ciencia (MEC) bajo el numero de licencia 28078353. Por lo tanto, todos los expedientes acad\u00e9micos de LIFE pueden ser homologados bajo la ley espa\u00f1ola.[\/vc_column_text][\/toggle][toggle color=\u00bbAccent-Color\u00bb heading_tag=\u00bbh3&#8243; heading_tag_functionality=\u00bbdefault\u00bb title=\u00bb\u00bfC\u00f3mo se incorpora la tecnolog\u00eda al aprendizaje?\u00bb][vc_column_text]Nuestra filosof\u00eda es que, en las primeras fases del desarrollo infantil, los ni\u00f1os no necesitan m\u00e1s exposici\u00f3n a la tecnolog\u00eda de la que ya reciben en casa. Por lo tanto, la tecnolog\u00eda ser\u00e1 incorporada cuando los alumnos empiecen la educaci\u00f3n primaria.[\/vc_column_text][\/toggle][toggle color=\u00bbAccent-Color\u00bb heading_tag=\u00bbh3&#8243; heading_tag_functionality=\u00bbdefault\u00bb title=\u00bb\u00bfQu\u00e9 planes tiene LIFE en cuanto a las instalaciones a corto y largo plazo?\u00bb][vc_column_text]Nuestras actuales instalaciones no son las definitivas y se van ampliando a medida que el colegio va creciendo. Simult\u00e1neamente, se est\u00e1n haciendo planes para trasladar LIFE a una instalaci\u00f3n definitiva y especialmente dise\u00f1ada para adaptarse al crecimiento a largo plazo del colegio.[\/vc_column_text][\/toggle][toggle color=\u00bbAccent-Color\u00bb heading_tag=\u00bbh3&#8243; heading_tag_functionality=\u00bbdefault\u00bb title=\u00bb\u00bfPor qu\u00e9 combinamos la fe con la educaci\u00f3n?\u00bb][vc_column_text]Creemos que los distintos tipos de educaci\u00f3n y los docentes que se encargan de impartirla, tienen una visi\u00f3n espec\u00edfica de la vida. No siempre ser\u00e1 obvia o estar\u00e1 claramente expresada, pero s\u00ed influir\u00e1 en la interpretaci\u00f3n del mundo y la forma de comunicarse. La educaci\u00f3n no es neutral; la informaci\u00f3n siempre se filtra a trav\u00e9s de una lente o punto de vista, la cual incluye o excluye a Dios. La educaci\u00f3n cristiana incluye a Dios, lo cual invita a los alumnos a ver y entender el mundo a trav\u00e9s del punto de vista de los valores b\u00edblicos.[\/vc_column_text][\/toggle][toggle color=\u00bbAccent-Color\u00bb heading_tag=\u00bbh3&#8243; heading_tag_functionality=\u00bbdefault\u00bb title=\u00bb\u00bfTienen los alumnos que creer lo que creen ustedes?\u00bb][vc_column_text]No. LIFE est\u00e1 abierto a todos los ni\u00f1os y familias que valoren el modelo educativo que ofrecemos. Ni los padres ni los alumnos tienen que compartir nuestras creencias, pero s\u00ed tienen que entender que LIFE es un colegio cristiano y que los valores y principios cristianos est\u00e1n entrelazados con la comunicaci\u00f3n y formaci\u00f3n.<\/p>\n<p>La diversidad en el alumnado es uno de los componentes m\u00e1s valiosos de la educaci\u00f3n. Cuando la diversidad existe, los alumnos son m\u00e1s capaces de comprender, apreciar y respetar las diferencias en un entorno que incluye estas diferencias. LIFE School no discrimina por diferencias individuales de raza, color, sexo, religi\u00f3n u origen nacional o \u00e9tnico. Los alumnos son aceptados seg\u00fan la disponibilidad de espacio que tenga el colegio.[\/vc_column_text][\/toggle][toggle color=\u00bbAccent-Color\u00bb heading_tag=\u00bbh3&#8243; heading_tag_functionality=\u00bbdefault\u00bb title=\u00bb\u00bfPueden los padres visitar las aulas?\u00bb][vc_column_text]S\u00ed. La participaci\u00f3n e implicaci\u00f3n de los padres son unas de las claves de una educaci\u00f3n exitosa. Queremos que los padres vean y experimenten la cultura de LIFE International School. Pueden contactar con el colegio en cualquier momento para concertar una cita.[\/vc_column_text][\/toggle][toggle color=\u00bbAccent-Color\u00bb heading_tag=\u00bbh3&#8243; heading_tag_functionality=\u00bbdefault\u00bb title=\u00bb\u00bfC\u00f3mo se pueden involucrar los padres en LIFE?\u00bb][vc_column_text]Contamos con una agrupaci\u00f3n de padres, independiente del colegio, llamada PALS (Padres de Alumnos de LIFE School) con quienes colaboramos para optimizar lo que les podemos ofrecer a nuestros alumnos. Ellos dedican tiempo voluntario y tienen un papel muy importante en la vida del colegio porque\u00a0 su objetivo principal es el de crear comunidad.[\/vc_column_text][\/toggle][\/toggles][\/vc_column][\/vc_row][vc_row type=\u00bbin_container\u00bb full_screen_row_position=\u00bbmiddle\u00bb column_margin=\u00bbdefault\u00bb column_direction=\u00bbdefault\u00bb column_direction_tablet=\u00bbdefault\u00bb column_direction_phone=\u00bbdefault\u00bb scene_position=\u00bbcenter\u00bb text_color=\u00bbdark\u00bb text_align=\u00bbleft\u00bb row_border_radius=\u00bbnone\u00bb row_border_radius_applies=\u00bbbg\u00bb overflow=\u00bbvisible\u00bb overlay_strength=\u00bb0.3&#8243; gradient_direction=\u00bbleft_to_right\u00bb shape_divider_position=\u00bbbottom\u00bb bg_image_animation=\u00bbnone\u00bb][vc_column column_padding=\u00bbno-extra-padding\u00bb column_padding_tablet=\u00bbinherit\u00bb column_padding_phone=\u00bbinherit\u00bb column_padding_position=\u00bball\u00bb column_element_direction_desktop=\u00bbdefault\u00bb column_element_spacing=\u00bbdefault\u00bb desktop_text_alignment=\u00bbdefault\u00bb tablet_text_alignment=\u00bbdefault\u00bb phone_text_alignment=\u00bbdefault\u00bb background_color_opacity=\u00bb1&#8243; background_hover_color_opacity=\u00bb1&#8243; column_backdrop_filter=\u00bbnone\u00bb column_shadow=\u00bbnone\u00bb column_border_radius=\u00bbnone\u00bb column_link_target=\u00bb_self\u00bb column_position=\u00bbdefault\u00bb gradient_direction=\u00bbleft_to_right\u00bb overlay_strength=\u00bb0.3&#8243; width=\u00bb1\/1&#8243; tablet_width_inherit=\u00bbdefault\u00bb animation_type=\u00bbdefault\u00bb bg_image_animation=\u00bbnone\u00bb border_type=\u00bbsimple\u00bb column_border_width=\u00bbnone\u00bb column_border_style=\u00bbsolid\u00bb][nectar_global_section id=\u00bb6699&#8243;][\/vc_column][\/vc_row]\n","protected":false},"excerpt":{"rendered":"<p>[vc_row type=\u00bbfull_width_background\u00bb full_screen_row_position=\u00bbmiddle\u00bb column_margin=\u00bbdefault\u00bb column_direction=\u00bbdefault\u00bb column_direction_tablet=\u00bbdefault\u00bb column_direction_phone=\u00bbdefault\u00bb scene_position=\u00bbcenter\u00bb top_padding=\u00bb8%\u00bb left_padding_desktop=\u00bb10%\u00bb constrain_group_2=\u00bbyes\u00bb right_padding_desktop=\u00bb10%\u00bb text_color=\u00bbdark\u00bb text_align=\u00bbleft\u00bb row_border_radius=\u00bbnone\u00bb row_border_radius_applies=\u00bbbg\u00bb overflow=\u00bbvisible\u00bb overlay_strength=\u00bb0.3&#8243; gradient_direction=\u00bbleft_to_right\u00bb shape_divider_position=\u00bbbottom\u00bb bg_image_animation=\u00bbnone\u00bb gradient_type=\u00bbdefault\u00bb shape_type=\u00bb\u00bb][vc_column column_padding=\u00bbno-extra-padding\u00bb column_padding_tablet=\u00bbinherit\u00bb column_padding_phone=\u00bbinherit\u00bb column_padding_position=\u00bball\u00bb column_element_direction_desktop=\u00bbdefault\u00bb column_element_spacing=\u00bbdefault\u00bb desktop_text_alignment=\u00bbdefault\u00bb&#8230;<\/p>\n","protected":false},"author":1,"featured_media":0,"parent":0,"menu_order":0,"comment_status":"closed","ping_status":"closed","template":"","meta":{"footnotes":""},"class_list":["post-1916","page","type-page","status-publish"],"_links":{"self":[{"href":"https:\/\/lifeschool.es\/es\/wp-json\/wp\/v2\/pages\/1916","targetHints":{"allow":["GET"]}}],"collection":[{"href":"https:\/\/lifeschool.es\/es\/wp-json\/wp\/v2\/pages"}],"about":[{"href":"https:\/\/lifeschool.es\/es\/wp-json\/wp\/v2\/types\/page"}],"author":[{"embeddable":true,"href":"https:\/\/lifeschool.es\/es\/wp-json\/wp\/v2\/users\/1"}],"replies":[{"embeddable":true,"href":"https:\/\/lifeschool.es\/es\/wp-json\/wp\/v2\/comments?post=1916"}],"version-history":[{"count":3,"href":"https:\/\/lifeschool.es\/es\/wp-json\/wp\/v2\/pages\/1916\/revisions"}],"predecessor-version":[{"id":10315,"href":"https:\/\/lifeschool.es\/es\/wp-json\/wp\/v2\/pages\/1916\/revisions\/10315"}],"wp:attachment":[{"href":"https:\/\/lifeschool.es\/es\/wp-json\/wp\/v2\/media?parent=1916"}],"curies":[{"name":"wp","href":"https:\/\/api.w.org\/{rel}","templated":true}]}}