{"id":4927,"date":"2020-08-27T20:21:27","date_gmt":"2020-08-27T18:21:27","guid":{"rendered":"https:\/\/lifeschool.es\/admisiones\/"},"modified":"2025-08-20T23:31:32","modified_gmt":"2025-08-20T21:31:32","slug":"admisiones","status":"publish","type":"page","link":"https:\/\/lifeschool.es\/es\/admisiones\/","title":{"rendered":"Admisiones"},"content":{"rendered":"[vc_row type=\u00bbfull_width_background\u00bb full_screen_row_position=\u00bbmiddle\u00bb column_margin=\u00bbdefault\u00bb column_direction=\u00bbdefault\u00bb column_direction_tablet=\u00bbdefault\u00bb column_direction_phone=\u00bbdefault\u00bb bg_color=\u00bb#7599aa\u00bb bg_image=\u00bb6372&#8243; background_image_mobile_hidden=\u00bbtrue\u00bb bg_position=\u00bbleft top\u00bb background_image_loading=\u00bbdefault\u00bb bg_repeat=\u00bbno-repeat\u00bb scene_position=\u00bbcenter\u00bb top_padding=\u00bb12%\u00bb constrain_group_1=\u00bbyes\u00bb bottom_padding=\u00bb12%\u00bb text_color=\u00bblight\u00bb text_align=\u00bbleft\u00bb row_border_radius=\u00bbnone\u00bb row_border_radius_applies=\u00bbbg\u00bb overflow=\u00bbvisible\u00bb overlay_strength=\u00bb0.5&#8243; gradient_direction=\u00bbleft_to_right\u00bb shape_divider_position=\u00bbbottom\u00bb bg_image_animation=\u00bbnone\u00bb css=\u00bb.vc_custom_1605610733003{padding-top: 00px !important;padding-bottom: 0px !important;}\u00bb gradient_type=\u00bbdefault\u00bb shape_type=\u00bb\u00bb][vc_column column_padding=\u00bbno-extra-padding\u00bb column_padding_tablet=\u00bbinherit\u00bb column_padding_phone=\u00bbinherit\u00bb column_padding_position=\u00bball\u00bb column_element_direction_desktop=\u00bbdefault\u00bb column_element_spacing=\u00bbdefault\u00bb desktop_text_alignment=\u00bbdefault\u00bb tablet_text_alignment=\u00bbdefault\u00bb phone_text_alignment=\u00bbdefault\u00bb background_color_opacity=\u00bb1&#8243; background_hover_color_opacity=\u00bb1&#8243; column_backdrop_filter=\u00bbnone\u00bb column_shadow=\u00bbnone\u00bb column_border_radius=\u00bbnone\u00bb column_link_target=\u00bb_self\u00bb column_position=\u00bbdefault\u00bb gradient_direction=\u00bbleft_to_right\u00bb overlay_strength=\u00bb0.3&#8243; width=\u00bb2\/5&#8243; tablet_width_inherit=\u00bbdefault\u00bb animation_type=\u00bbdefault\u00bb bg_image_animation=\u00bbnone\u00bb border_type=\u00bbsimple\u00bb column_border_width=\u00bbnone\u00bb column_border_style=\u00bbsolid\u00bb][\/vc_column][vc_column column_padding=\u00bbno-extra-padding\u00bb column_padding_tablet=\u00bbinherit\u00bb column_padding_phone=\u00bbinherit\u00bb column_padding_position=\u00bball\u00bb column_element_direction_desktop=\u00bbdefault\u00bb column_element_spacing=\u00bbdefault\u00bb desktop_text_alignment=\u00bbdefault\u00bb tablet_text_alignment=\u00bbdefault\u00bb phone_text_alignment=\u00bbdefault\u00bb background_color_opacity=\u00bb1&#8243; background_hover_color_opacity=\u00bb1&#8243; column_backdrop_filter=\u00bbnone\u00bb column_shadow=\u00bbnone\u00bb column_border_radius=\u00bbnone\u00bb column_link_target=\u00bb_self\u00bb column_position=\u00bbdefault\u00bb gradient_direction=\u00bbleft_to_right\u00bb overlay_strength=\u00bb0.3&#8243; width=\u00bb3\/5&#8243; tablet_width_inherit=\u00bbdefault\u00bb animation_type=\u00bbdefault\u00bb bg_image_animation=\u00bbnone\u00bb border_type=\u00bbsimple\u00bb column_border_width=\u00bbnone\u00bb column_border_style=\u00bbsolid\u00bb][vc_custom_heading text=\u00bbADMISIONES\u00bb font_container=\u00bbtag:h1|text_align:left\u00bb use_theme_fonts=\u00bbyes\u00bb css_animation=\u00bbfadeInDown\u00bb][nectar_highlighted_text scribble_color=\u00bb#55707b\u00bb style=\u00bbscribble\u00bb scribble_thickness=\u00bbregular\u00bb scribble_speed=\u00bb1.8s\u00bb scribble_easing=\u00bbease_in_out\u00bb custom_font_size=\u00bb40px\u00bb]\n<h2>Un proceso de admisi\u00f3n <em>personalizado<\/em><\/h2>\n[\/nectar_highlighted_text][vc_column_text]\n<div style=\"font-weight: 500;\">\n<p>\u00a1Gracias por su inter\u00e9s en nuestro colegio! Deseamos que encuentre aqui toda la informaci\u00f3n que necesite para tomar una decisi\u00f3n tan importante. Y por qu\u00e9 no decirlo tambi\u00e9n, nos encantar\u00eda que se uniera a nuestra gran familia escolar.<\/p>\n<p>Queremos que el proceso de admisi\u00f3n sea individualizado, relajado y personal para cada familia. Por ese motivo hemos procurado que sea un proceso sencillo, en tres pasos. <span class=\"s1\">\u00a1Esperamos verle pronto!<\/span><\/p>\n<\/div>\n[\/vc_column_text][vc_row_inner column_margin=\u00bbdefault\u00bb column_direction=\u00bbdefault\u00bb column_direction_tablet=\u00bbdefault\u00bb column_direction_phone=\u00bbdefault\u00bb text_align=\u00bbleft\u00bb row_position=\u00bbdefault\u00bb row_position_tablet=\u00bbinherit\u00bb row_position_phone=\u00bbinherit\u00bb overflow=\u00bbvisible\u00bb pointer_events=\u00bball\u00bb][vc_column_inner column_padding=\u00bbno-extra-padding\u00bb column_padding_tablet=\u00bbinherit\u00bb column_padding_phone=\u00bbinherit\u00bb column_padding_position=\u00bball\u00bb column_element_direction_desktop=\u00bbdefault\u00bb column_element_spacing=\u00bbdefault\u00bb desktop_text_alignment=\u00bbdefault\u00bb tablet_text_alignment=\u00bbdefault\u00bb phone_text_alignment=\u00bbdefault\u00bb background_color_opacity=\u00bb1&#8243; background_hover_color_opacity=\u00bb1&#8243; column_backdrop_filter=\u00bbnone\u00bb column_shadow=\u00bbnone\u00bb column_border_radius=\u00bbnone\u00bb column_link_target=\u00bb_self\u00bb overflow=\u00bbvisible\u00bb gradient_direction=\u00bbleft_to_right\u00bb overlay_strength=\u00bb0.3&#8243; width=\u00bb1\/1&#8243; tablet_width_inherit=\u00bbdefault\u00bb animation_type=\u00bbdefault\u00bb enable_animation=\u00bbtrue\u00bb animation=\u00bbfade-in-from-bottom\u00bb animation_easing=\u00bbdefault\u00bb bg_image_animation=\u00bbnone\u00bb border_type=\u00bbsimple\u00bb column_border_width=\u00bbnone\u00bb column_border_style=\u00bbsolid\u00bb delay=\u00bb600&#8243; column_padding_type=\u00bbdefault\u00bb gradient_type=\u00bbdefault\u00bb][nectar_cta btn_style=\u00bbnext-section\u00bb btn_type=\u00bbdown-arrow-bordered\u00bb next_section_color=\u00bb#ffffff\u00bb next_section_shadow=\u00bbnone\u00bb alignment=\u00bbleft\u00bb alignment_tablet=\u00bbdefault\u00bb alignment_phone=\u00bbdefault\u00bb display_tablet=\u00bbinherit\u00bb display_phone=\u00bbinherit\u00bb margin_top=\u00bb5%\u00bb][\/vc_column_inner][\/vc_row_inner][\/vc_column][\/vc_row][vc_row type=\u00bbfull_width_background\u00bb full_screen_row_position=\u00bbmiddle\u00bb column_margin=\u00bbdefault\u00bb column_direction=\u00bbdefault\u00bb column_direction_tablet=\u00bbdefault\u00bb column_direction_phone=\u00bbdefault\u00bb bg_color=\u00bb#ffffff\u00bb bg_image=\u00bb6432&#8243; bg_position=\u00bbleft top\u00bb background_image_loading=\u00bbdefault\u00bb bg_repeat=\u00bbno-repeat\u00bb scene_position=\u00bbcenter\u00bb top_padding=\u00bb6%\u00bb constrain_group_1=\u00bbyes\u00bb bottom_padding=\u00bb6%\u00bb text_color=\u00bbdark\u00bb text_align=\u00bbleft\u00bb row_border_radius=\u00bbnone\u00bb row_border_radius_applies=\u00bbbg\u00bb overflow=\u00bbvisible\u00bb enable_gradient=\u00bbtrue\u00bb color_overlay=\u00bb#f4f4f4&#8243; color_overlay_2=\u00bb#bfbfbf\u00bb overlay_strength=\u00bb0.8&#8243; gradient_direction=\u00bbtop_to_bottom\u00bb shape_divider_position=\u00bbbottom\u00bb bg_image_animation=\u00bbnone\u00bb full_width=\u00bbstretch_row\u00bb css=\u00bb.vc_custom_1642531474033{padding-top: 0px !important;background-color: #870001 !important;}\u00bb gradient_type=\u00bbdefault\u00bb shape_type=\u00bb\u00bb][vc_column column_padding=\u00bbno-extra-padding\u00bb column_padding_tablet=\u00bbinherit\u00bb column_padding_phone=\u00bbinherit\u00bb column_padding_position=\u00bball\u00bb column_element_direction_desktop=\u00bbdefault\u00bb column_element_spacing=\u00bbdefault\u00bb desktop_text_alignment=\u00bbdefault\u00bb tablet_text_alignment=\u00bbdefault\u00bb phone_text_alignment=\u00bbdefault\u00bb background_color_opacity=\u00bb1&#8243; background_hover_color_opacity=\u00bb1&#8243; column_backdrop_filter=\u00bbnone\u00bb column_shadow=\u00bbnone\u00bb column_border_radius=\u00bbnone\u00bb column_link_target=\u00bb_self\u00bb column_position=\u00bbdefault\u00bb gradient_direction=\u00bbleft_to_right\u00bb overlay_strength=\u00bb0.3&#8243; width=\u00bb1\/1&#8243; tablet_width_inherit=\u00bbdefault\u00bb animation_type=\u00bbdefault\u00bb enable_animation=\u00bbtrue\u00bb animation=\u00bbfade-in-from-bottom\u00bb animation_easing=\u00bbdefault\u00bb bg_image_animation=\u00bbfade-in\u00bb border_type=\u00bbsimple\u00bb column_border_width=\u00bbnone\u00bb column_border_style=\u00bbsolid\u00bb column_padding_type=\u00bbdefault\u00bb gradient_type=\u00bbdefault\u00bb][vc_custom_heading text=\u00bb3 SENCILLOS PASOS\u00bb font_container=\u00bbtag:h1|font_size:40px|text_align:center|color:%23707070&#8243; use_theme_fonts=\u00bbyes\u00bb][carousel script=\u00bbflickity\u00bb flickity_formatting=\u00bbdefault\u00bb desktop_cols_flickity=\u00bb3&#8243; desktop_small_cols_flickity=\u00bb3&#8243; tablet_cols_flickity=\u00bb2&#8243; phone_cols_flickity=\u00bb1&#8243; flickity_controls=\u00bbtouch_total\u00bb flickity_touch_total_style=\u00bbdefault\u00bb flickity_touch_total_icon_color=\u00bbdefault\u00bb color=\u00bbdefault\u00bb flickity_overflow=\u00bbvisible\u00bb flickity_wrap_around=\u00bbno-wrap\u00bb flickity_spacing=\u00bbdefault\u00bb flickity_column_vertical_alignment=\u00bbdefault\u00bb column_padding=\u00bb0&#8243; flickity_element_spacing=\u00bbdefault\u00bb border_radius=\u00bbnone\u00bb][item simple_slider_bg_image_position=\u00bbdefault\u00bb simple_slider_overlay_strength=\u00bb0.3&#8243; simple_slider_bg_image_loading=\u00bbdefault\u00bb id=\u00bb1755725463485-6&#8243; title=\u00bbItem\u00bb tab_id=\u00bb1755725463485-2&#8243;][fancy_box box_style=\u00bbcolor_box_hover\u00bb icon_family=\u00bbiconsmind\u00bb image_url=\u00bb6348&#8243; color=\u00bbaccent-color\u00bb color_box_hover_overlay_opacity=\u00bbdefault\u00bb box_alignment=\u00bbleft\u00bb enable_border=\u00bbtrue\u00bb border_radius=\u00bbdefault\u00bb image_loading=\u00bblazy-load\u00bb enable_animation=\u00bbtrue\u00bb animation=\u00bbfade-in-from-left\u00bb color_scheme=\u00bbdark\u00bb secondary_content=\u00bbhere&#8217;s some awesome text that would only be shown on hover\u00bb icon_iconsmind=\u00bbiconsmind-Phone-SMS\u00bb min_height=\u00bb300&#8243; link_url=\u00bbhttps:\/\/lifeschool.es\/visitenos\/\u00bb]\n<h3>1. Solicite una visita<\/h3>\n<p>Sea presencial o por Zoom, puede solicitar una visita para recopilar toda la informaci\u00f3n que necesite.<\/p>\n<h5><strong>PROGRAMAR VISITA<\/strong><\/h5>\n[\/fancy_box][\/item][item simple_slider_bg_image_position=\u00bbdefault\u00bb simple_slider_overlay_strength=\u00bb0.3&#8243; simple_slider_bg_image_loading=\u00bbdefault\u00bb id=\u00bb1755725463518-4&#8243; title=\u00bbItem\u00bb tab_id=\u00bb1755725463518-4&#8243;][fancy_box box_style=\u00bbcolor_box_hover\u00bb icon_family=\u00bbiconsmind\u00bb image_url=\u00bb6357&#8243; color=\u00bbextra-color-1&#8243; color_custom=\u00bb#ac0016&#8243; color_box_hover_overlay_opacity=\u00bbdefault\u00bb box_alignment=\u00bbleft\u00bb enable_border=\u00bbtrue\u00bb border_radius=\u00bbdefault\u00bb image_loading=\u00bblazy-load\u00bb enable_animation=\u00bbtrue\u00bb animation=\u00bbfade-in-from-left\u00bb color_scheme=\u00bbdark\u00bb secondary_content=\u00bbhere&#8217;s some awesome text that would only be shown on hover\u00bb icon_iconsmind=\u00bbiconsmind-Home-Window\u00bb min_height=\u00bb300&#8243; link_url=\u00bbhttps:\/\/lifeschool.es\/visitenos\/\u00bb delay=\u00bb400&#8243;]\n<h3>2. Realice un tour por el colegio<\/h3>\n<p>Le mostraremos las instalaciones y le daremos a conocer todo lo referente a nuestro colegio.[\/fancy_box][\/item][item simple_slider_bg_image_position=\u00bbdefault\u00bb simple_slider_overlay_strength=\u00bb0.3&#8243; simple_slider_bg_image_loading=\u00bbdefault\u00bb id=\u00bb1755725463555-4&#8243; title=\u00bbItem\u00bb tab_id=\u00bb1755725463555-3&#8243;][fancy_box box_style=\u00bbcolor_box_hover\u00bb icon_family=\u00bbiconsmind\u00bb image_url=\u00bb5742&#8243; color=\u00bbextra-color-1&#8243; color_custom=\u00bb#ac0016&#8243; color_box_hover_overlay_opacity=\u00bbdefault\u00bb box_alignment=\u00bbleft\u00bb enable_border=\u00bbtrue\u00bb border_radius=\u00bbdefault\u00bb image_loading=\u00bblazy-load\u00bb enable_animation=\u00bbtrue\u00bb animation=\u00bbfade-in-from-left\u00bb color_scheme=\u00bbdark\u00bb secondary_content=\u00bbhere&#8217;s some awesome text that would only be shown on hover\u00bb icon_iconsmind=\u00bbiconsmind-Pen\u00bb min_height=\u00bb300&#8243; link_url=\u00bbhttps:\/\/admissions-parent.renweb.com\/home?districtCode=life-esp&amp;memberId=16668&#8243; delay=\u00bb800&#8243;]\n<h3>3. Solicitud online<\/h3>\n<p>Una vez que haya decidido que somos la mejor opci\u00f3n para sus hijos, rellene el formulario haciendo click en el siguiente bot\u00f3n.<\/p>\n<h5><strong>SOLICITUD DE INGRESO<\/strong><\/h5>\n[\/fancy_box][\/item][\/carousel][\/vc_column][\/vc_row]\n","protected":false},"excerpt":{"rendered":"<p>[vc_row type=\u00bbfull_width_background\u00bb full_screen_row_position=\u00bbmiddle\u00bb column_margin=\u00bbdefault\u00bb column_direction=\u00bbdefault\u00bb column_direction_tablet=\u00bbdefault\u00bb column_direction_phone=\u00bbdefault\u00bb bg_color=\u00bb#7599aa\u00bb bg_image=\u00bb6372&#8243; background_image_mobile_hidden=\u00bbtrue\u00bb bg_position=\u00bbleft top\u00bb background_image_loading=\u00bbdefault\u00bb bg_repeat=\u00bbno-repeat\u00bb scene_position=\u00bbcenter\u00bb top_padding=\u00bb12%\u00bb constrain_group_1=\u00bbyes\u00bb bottom_padding=\u00bb12%\u00bb text_color=\u00bblight\u00bb text_align=\u00bbleft\u00bb row_border_radius=\u00bbnone\u00bb row_border_radius_applies=\u00bbbg\u00bb overflow=\u00bbvisible\u00bb overlay_strength=\u00bb0.5&#8243; gradient_direction=\u00bbleft_to_right\u00bb shape_divider_position=\u00bbbottom\u00bb bg_image_animation=\u00bbnone\u00bb css=\u00bb.vc_custom_1605610733003{padding-top: 00px !important;padding-bottom:&#8230;<\/p>\n","protected":false},"author":1,"featured_media":0,"parent":0,"menu_order":0,"comment_status":"closed","ping_status":"closed","template":"","meta":{"footnotes":""},"class_list":["post-4927","page","type-page","status-publish"],"_links":{"self":[{"href":"https:\/\/lifeschool.es\/es\/wp-json\/wp\/v2\/pages\/4927","targetHints":{"allow":["GET"]}}],"collection":[{"href":"https:\/\/lifeschool.es\/es\/wp-json\/wp\/v2\/pages"}],"about":[{"href":"https:\/\/lifeschool.es\/es\/wp-json\/wp\/v2\/types\/page"}],"author":[{"embeddable":true,"href":"https:\/\/lifeschool.es\/es\/wp-json\/wp\/v2\/users\/1"}],"replies":[{"embeddable":true,"href":"https:\/\/lifeschool.es\/es\/wp-json\/wp\/v2\/comments?post=4927"}],"version-history":[{"count":6,"href":"https:\/\/lifeschool.es\/es\/wp-json\/wp\/v2\/pages\/4927\/revisions"}],"predecessor-version":[{"id":9626,"href":"https:\/\/lifeschool.es\/es\/wp-json\/wp\/v2\/pages\/4927\/revisions\/9626"}],"wp:attachment":[{"href":"https:\/\/lifeschool.es\/es\/wp-json\/wp\/v2\/media?parent=4927"}],"curies":[{"name":"wp","href":"https:\/\/api.w.org\/{rel}","templated":true}]}}